{"id":23169,"date":"2023-10-12T09:37:18","date_gmt":"2023-10-12T07:37:18","guid":{"rendered":"https:\/\/www.caisialpesca.it\/demo\/privacy-policy\/"},"modified":"2023-12-19T13:02:37","modified_gmt":"2023-12-19T12:02:37","slug":"privacy-policy","status":"publish","type":"page","link":"https:\/\/caisial.unina.it\/en\/privacy-policy\/","title":{"rendered":"Privacy Policy"},"content":{"rendered":"\t\t<div data-elementor-type=\"wp-page\" data-elementor-id=\"23169\" class=\"elementor elementor-23169 elementor-3\" data-elementor-post-type=\"page\">\n\t\t\t\t\t\t\t<div class=\"elementor-element elementor-element-f6b8146 e-flex e-con-boxed e-con e-parent\" data-id=\"f6b8146\" data-element_type=\"container\" data-settings=\"{&quot;background_background&quot;:&quot;classic&quot;,&quot;content_width&quot;:&quot;boxed&quot;}\" data-core-v316-plus=\"true\">\n\t\t\t\t\t<div class=\"e-con-inner\">\n\t\t\t\t<div class=\"elementor-element elementor-element-f7ae2ac elementor-widget elementor-widget-heading\" data-id=\"f7ae2ac\" data-element_type=\"widget\" data-widget_type=\"heading.default\">\n\t\t\t\t<div class=\"elementor-widget-container\">\n\t\t\t<style>\/*! elementor - v3.18.0 - 20-12-2023 *\/\n.elementor-heading-title{padding:0;margin:0;line-height:1}.elementor-widget-heading .elementor-heading-title[class*=elementor-size-]>a{color:inherit;font-size:inherit;line-height:inherit}.elementor-widget-heading .elementor-heading-title.elementor-size-small{font-size:15px}.elementor-widget-heading .elementor-heading-title.elementor-size-medium{font-size:19px}.elementor-widget-heading .elementor-heading-title.elementor-size-large{font-size:29px}.elementor-widget-heading .elementor-heading-title.elementor-size-xl{font-size:39px}.elementor-widget-heading .elementor-heading-title.elementor-size-xxl{font-size:59px}<\/style><h1 class=\"elementor-heading-title elementor-size-default\">Privacy Policy<\/h1>\t\t<\/div>\n\t\t\t\t<\/div>\n\t\t\t\t\t<\/div>\n\t\t\t\t<\/div>\n\t\t<div class=\"elementor-element elementor-element-e2f01ee e-flex e-con-boxed e-con e-parent\" data-id=\"e2f01ee\" data-element_type=\"container\" data-settings=\"{&quot;content_width&quot;:&quot;boxed&quot;}\" data-core-v316-plus=\"true\">\n\t\t\t\t\t<div class=\"e-con-inner\">\n\t\t<div class=\"elementor-element elementor-element-6e9c8a6 e-con-full e-flex e-con e-child\" data-id=\"6e9c8a6\" data-element_type=\"container\" data-settings=\"{&quot;content_width&quot;:&quot;full&quot;}\">\n\t\t<div class=\"elementor-element elementor-element-850dfa1 e-flex e-con-boxed e-con e-child\" data-id=\"850dfa1\" data-element_type=\"container\" data-settings=\"{&quot;sticky&quot;:&quot;top&quot;,&quot;sticky_on&quot;:[&quot;desktop&quot;],&quot;sticky_offset&quot;:100,&quot;sticky_parent&quot;:&quot;yes&quot;,&quot;content_width&quot;:&quot;boxed&quot;,&quot;sticky_effects_offset&quot;:0}\">\n\t\t\t\t\t<div class=\"e-con-inner\">\n\t\t\t\t<div class=\"elementor-element elementor-element-b8eb9b8 elementor-widget-divider--view-line elementor-widget elementor-widget-divider\" data-id=\"b8eb9b8\" data-element_type=\"widget\" data-widget_type=\"divider.default\">\n\t\t\t\t<div class=\"elementor-widget-container\">\n\t\t\t<style>\/*! elementor - v3.18.0 - 20-12-2023 *\/\n.elementor-widget-divider{--divider-border-style:none;--divider-border-width:1px;--divider-color:#0c0d0e;--divider-icon-size:20px;--divider-element-spacing:10px;--divider-pattern-height:24px;--divider-pattern-size:20px;--divider-pattern-url:none;--divider-pattern-repeat:repeat-x}.elementor-widget-divider .elementor-divider{display:flex}.elementor-widget-divider .elementor-divider__text{font-size:15px;line-height:1;max-width:95%}.elementor-widget-divider .elementor-divider__element{margin:0 var(--divider-element-spacing);flex-shrink:0}.elementor-widget-divider .elementor-icon{font-size:var(--divider-icon-size)}.elementor-widget-divider .elementor-divider-separator{display:flex;margin:0;direction:ltr}.elementor-widget-divider--view-line_icon .elementor-divider-separator,.elementor-widget-divider--view-line_text .elementor-divider-separator{align-items:center}.elementor-widget-divider--view-line_icon .elementor-divider-separator:after,.elementor-widget-divider--view-line_icon .elementor-divider-separator:before,.elementor-widget-divider--view-line_text .elementor-divider-separator:after,.elementor-widget-divider--view-line_text .elementor-divider-separator:before{display:block;content:\"\";border-bottom:0;flex-grow:1;border-top:var(--divider-border-width) var(--divider-border-style) var(--divider-color)}.elementor-widget-divider--element-align-left .elementor-divider .elementor-divider-separator>.elementor-divider__svg:first-of-type{flex-grow:0;flex-shrink:100}.elementor-widget-divider--element-align-left .elementor-divider-separator:before{content:none}.elementor-widget-divider--element-align-left .elementor-divider__element{margin-left:0}.elementor-widget-divider--element-align-right .elementor-divider .elementor-divider-separator>.elementor-divider__svg:last-of-type{flex-grow:0;flex-shrink:100}.elementor-widget-divider--element-align-right .elementor-divider-separator:after{content:none}.elementor-widget-divider--element-align-right .elementor-divider__element{margin-right:0}.elementor-widget-divider:not(.elementor-widget-divider--view-line_text):not(.elementor-widget-divider--view-line_icon) .elementor-divider-separator{border-top:var(--divider-border-width) var(--divider-border-style) var(--divider-color)}.elementor-widget-divider--separator-type-pattern{--divider-border-style:none}.elementor-widget-divider--separator-type-pattern.elementor-widget-divider--view-line .elementor-divider-separator,.elementor-widget-divider--separator-type-pattern:not(.elementor-widget-divider--view-line) .elementor-divider-separator:after,.elementor-widget-divider--separator-type-pattern:not(.elementor-widget-divider--view-line) .elementor-divider-separator:before,.elementor-widget-divider--separator-type-pattern:not([class*=elementor-widget-divider--view]) .elementor-divider-separator{width:100%;min-height:var(--divider-pattern-height);-webkit-mask-size:var(--divider-pattern-size) 100%;mask-size:var(--divider-pattern-size) 100%;-webkit-mask-repeat:var(--divider-pattern-repeat);mask-repeat:var(--divider-pattern-repeat);background-color:var(--divider-color);-webkit-mask-image:var(--divider-pattern-url);mask-image:var(--divider-pattern-url)}.elementor-widget-divider--no-spacing{--divider-pattern-size:auto}.elementor-widget-divider--bg-round{--divider-pattern-repeat:round}.rtl .elementor-widget-divider .elementor-divider__text{direction:rtl}.e-con-inner>.elementor-widget-divider,.e-con>.elementor-widget-divider{width:var(--container-widget-width,100%);--flex-grow:var(--container-widget-flex-grow)}<\/style>\t\t<div class=\"elementor-divider\">\n\t\t\t<span class=\"elementor-divider-separator\">\n\t\t\t\t\t\t<\/span>\n\t\t<\/div>\n\t\t\t\t<\/div>\n\t\t\t\t<\/div>\n\t\t\t\t<div class=\"elementor-element elementor-element-616784e elementor-widget elementor-widget-text-editor\" data-id=\"616784e\" data-element_type=\"widget\" data-widget_type=\"text-editor.default\">\n\t\t\t\t<div class=\"elementor-widget-container\">\n\t\t\t<style>\/*! elementor - v3.18.0 - 20-12-2023 *\/\n.elementor-widget-text-editor.elementor-drop-cap-view-stacked .elementor-drop-cap{background-color:#69727d;color:#fff}.elementor-widget-text-editor.elementor-drop-cap-view-framed .elementor-drop-cap{color:#69727d;border:3px solid;background-color:transparent}.elementor-widget-text-editor:not(.elementor-drop-cap-view-default) .elementor-drop-cap{margin-top:8px}.elementor-widget-text-editor:not(.elementor-drop-cap-view-default) .elementor-drop-cap-letter{width:1em;height:1em}.elementor-widget-text-editor .elementor-drop-cap{float:left;text-align:center;line-height:1;font-size:50px}.elementor-widget-text-editor .elementor-drop-cap-letter{display:inline-block}<\/style>\t\t\t\t<h4>PRIVACY POLICY<\/h4>\n<p>Informativa sul trattamento dei dati personali<\/p>\n<p>In questa pagina si descrivono le modalit\u00e0 di gestione del sito in riferimento al trattamento dei dati personali degli utenti che lo consultano. Questa informativa e&#8217; resa anche ai sensi dell&#8217;art. 13 del d.lgs. n. 196\/2003 &#8211; Codice in materia di protezione dei dati personali a coloro che interagiscono con i servizi web del CAISIAL &#8211; Centro di Ateneo per l&#8217;Innovazione e lo Sviluppo dell&#8217;Industria Alimentare, accessibili per via telematica a partire dall&#8217;indirizzo: <span style=\"font-size: 24px; font-weight: 600; white-space-collapse: preserve;\">https:\/\/caisial.unina.it<\/span> corrispondente alla pagina iniziale del sito ufficiale di CAISIAL.<\/p>\n<p>L&#8217;informativa e&#8217; resa solo per il sito di CAISIAL e non anche per altri siti web eventualmente consultati dall&#8217;utente tramite link. L&#8217;informativa si ispira anche alla Raccomandazione n. 2\/2001 che le autorit\u00e0 europee per la protezione dei dati personali, riunite nel Gruppo istituito dall&#8217;art. 29 della direttiva n. 95\/46\/CE , hanno adottato il 17 maggio 2001 per individuare alcuni requisiti minimi per la raccolta di dati personali on-line, e, in particolare, le modalit\u00e0, i tempi e la natura delle informazioni che i titolari del trattamento devono fornire agli utenti quando questi si collegano a pagine web, indipendentemente dagli scopi del collegamento.<\/p>\n<h4>TIPI DI DATI TRATTATI<\/h4>\n<h4>Dati di navigazione<\/h4>\n<p>I sistemi informatici e le procedure software preposte al funzionamento di questo sito web acquisiscono, nel corso del loro normale esercizio, alcuni dati personali la cui trasmissione e&#8217; implicita nell&#8217;uso dei protocolli di comunicazione di Internet. Attraverso il sito Internet si trasmettono anche informazioni che non sono raccolte per essere associate a interessati identificati, ma che per loro stessa natura potrebbero, attraverso elaborazioni ed associazioni con dati detenuti da terzi, permettere di identificare gli utenti. In questa categoria di dati rientrano gli indirizzi IP o i nomi a dominio dei computer utilizzati dagli utenti che si connettono al sito, gli indirizzi in notazione URI (Uniform Resource Identifier) delle risorse richieste, l&#8217;orario della richiesta, il metodo utilizzato nel sottoporre la richiesta al server, la dimensione del file ottenuto in risposta, il codice numerico indicante lo stato della risposta data dal server (buon fine, errore, ecc.) ed altri parametri relativi al sistema operativo e all&#8217;ambiente informatico dell&#8217;utente. Questi dati vengono utilizzati al solo fine di ricavare informazioni statistiche anonime sull&#8217;uso del sito e per controllarne il corretto funzionamento e vengono cancellati immediatamente dopo l&#8217;elaborazione. I dati potrebbero essere utilizzati per l&#8217;accertamento di responsabilit\u00e0 in caso di ipotetici reati informatici ai danni del sito: salva questa eventualit\u00e0, allo stato i dati sui contatti web non persistono per pi\u00f9 di sette giorni.<\/p>\n<h4>Dati forniti volontariamente dall&#8217;utente<\/h4>\n<p>L&#8217;invio facoltativo, esplicito e volontario di posta elettronica agli indirizzi indicati su questo sito o la compilazione di moduli di contatto comporta la successiva acquisizione dell&#8217;indirizzo del mittente, necessario per rispondere alle richieste, nonch\u00e9 degli eventuali altri dati personali inseriti nella missiva. I dati vengono raccolti attraverso il nostro sito Internet e conservati nelle nostre sedi. I dati vengono raccolti e registrati parzialmente su carta e parzialmente a livello informatico, per le finalit\u00e0, esplicite e legittime, che indichiamo qui di seguito:<\/p>\n<p>1. Finalit\u00e0 funzionali all&#8217;adempimento di obblighi normativi, previsti da leggi, decreti, regolamenti e\/o da altri atti ad essi equiparati, nonch\u00e9 dalla normativa comunitaria (ad esempio: trattamento giuridico ed economico del personale, reclutamento, selezione, formazione del personale, adempimento di obblighi fiscali o contabili).<\/p>\n<p>2. Finalit\u00e0 funzionali alla gestione dei rapporti intercorrenti con gli studenti, la clientela, i fornitori, ecc. (ad esempio: controllare l&#8217;andamento delle relazioni con i clienti ed i collaboratori, soddisfare esigenze d&#8217;informazione tecnica e assistenza).<\/p>\n<h4>MODALITA&#8217; DEL TRATTAMENTO<\/h4>\n<p>I dati personali sono trattati con strumenti automatizzati per il tempo strettamente necessario a conseguire gli scopi per cui sono stati raccolti. Specifiche misure di sicurezza sono osservate per prevenire la perdita dei dati, usi illeciti o non corretti ed accessi non autorizzati.<\/p>\n<h4>DIRITTI DEGLI INTERESSATI<\/h4>\n<p>I soggetti cui si riferiscono i dati personali hanno il diritto in qualunque momento di ottenere la conferma dell&#8217;esistenza o meno dei medesimi dati e di conoscerne il contenuto e l&#8217;origine, verificarne l&#8217;esattezza o chiederne l&#8217;integrazione o l&#8217;aggiornamento, oppure la rettificazione (art. 7 del d.lgs. n. 196\/2003). Ai sensi del medesimo articolo si ha il diritto di chiedere la cancellazione, la trasformazione in forma anonima o il blocco dei dati trattati in violazione di legge, nonch\u00e9 di opporsi in ogni caso, per motivi legittimi, al loro trattamento.<\/p>\n<p>Le richieste vanno rivolte a: Centro di Ateneo CAISIAL &#8211; Universit\u00e0 degli Studi di Napoli Federico II &#8211; Via Universit\u00e0, 133 &#8211; 80055 Portici, Napoli.<\/p>\n\t\t\t\t\t\t<\/div>\n\t\t\t\t<\/div>\n\t\t\t\t\t<\/div>\n\t\t\t\t<\/div>\n\t\t\t\t<\/div>\n\t\t<div class=\"elementor-element elementor-element-5df25e2 e-con-full e-flex e-con e-child\" data-id=\"5df25e2\" data-element_type=\"container\" data-settings=\"{&quot;content_width&quot;:&quot;full&quot;,&quot;background_background&quot;:&quot;classic&quot;}\">\n\t\t\t\t<\/div>\n\t\t\t\t\t<\/div>\n\t\t\t\t<\/div>\n\t\t\t\t\t\t\t<\/div>\n\t\t","protected":false},"excerpt":{"rendered":"<p>Privacy Policy PRIVACY POLICY Informativa sul trattamento dei dati personali In questa pagina si descrivono le modalit\u00e0 di gestione del sito in riferimento al trattamento dei dati personali degli utenti che lo consultano. Questa informativa e&#8217; resa anche ai sensi dell&#8217;art. 13 del d.lgs. n. 196\/2003 &#8211; Codice in materia di protezione dei dati personali &#8230; <a title=\"Privacy Policy\" class=\"read-more\" href=\"https:\/\/caisial.unina.it\/en\/privacy-policy\/\" aria-label=\"More on Privacy Policy\">Read more<\/a><\/p>\n","protected":false},"author":1,"featured_media":0,"parent":0,"menu_order":0,"comment_status":"closed","ping_status":"open","template":"elementor_header_footer","meta":{"footnotes":""},"acf":[],"yoast_head":"<!-- This site is optimized with the Yoast SEO plugin v21.7 - https:\/\/yoast.com\/wordpress\/plugins\/seo\/ -->\n<title>Privacy Policy - Caisial - Innovazione in campo alimentare<\/title>\n<meta name=\"robots\" content=\"index, follow, max-snippet:-1, max-image-preview:large, max-video-preview:-1\" \/>\n<link rel=\"canonical\" href=\"https:\/\/caisial.unina.it\/en\/privacy-policy\/\" \/>\n<meta property=\"og:locale\" content=\"en_US\" \/>\n<meta property=\"og:type\" content=\"article\" \/>\n<meta property=\"og:title\" content=\"Privacy Policy - Caisial - Innovazione in campo alimentare\" \/>\n<meta property=\"og:description\" content=\"Privacy Policy PRIVACY POLICY Informativa sul trattamento dei dati personali In questa pagina si descrivono le modalit\u00e0 di gestione del sito in riferimento al trattamento dei dati personali degli utenti che lo consultano. Questa informativa e&#8217; resa anche ai sensi dell&#8217;art. 13 del d.lgs. n. 196\/2003 &#8211; Codice in materia di protezione dei dati personali ... Read more\" \/>\n<meta property=\"og:url\" content=\"https:\/\/caisial.unina.it\/en\/privacy-policy\/\" \/>\n<meta property=\"og:site_name\" content=\"Caisial - Innovazione in campo alimentare\" \/>\n<meta property=\"article:modified_time\" content=\"2023-12-19T12:02:37+00:00\" \/>\n<meta property=\"og:image\" content=\"https:\/\/caisial.unina.it\/wp-content\/uploads\/2023\/12\/fb.png\" \/>\n\t<meta property=\"og:image:width\" content=\"300\" \/>\n\t<meta property=\"og:image:height\" content=\"300\" \/>\n\t<meta property=\"og:image:type\" content=\"image\/png\" \/>\n<meta name=\"twitter:card\" content=\"summary_large_image\" \/>\n<meta name=\"twitter:label1\" content=\"Est. reading time\" \/>\n\t<meta name=\"twitter:data1\" content=\"4 minutes\" \/>\n<script type=\"application\/ld+json\" class=\"yoast-schema-graph\">{\"@context\":\"https:\/\/schema.org\",\"@graph\":[{\"@type\":\"WebPage\",\"@id\":\"https:\/\/caisial.unina.it\/en\/privacy-policy\/\",\"url\":\"https:\/\/caisial.unina.it\/en\/privacy-policy\/\",\"name\":\"Privacy Policy - Caisial - Innovazione in campo alimentare\",\"isPartOf\":{\"@id\":\"https:\/\/caisial.unina.it\/en\/#website\"},\"datePublished\":\"2023-10-12T07:37:18+00:00\",\"dateModified\":\"2023-12-19T12:02:37+00:00\",\"breadcrumb\":{\"@id\":\"https:\/\/caisial.unina.it\/en\/privacy-policy\/#breadcrumb\"},\"inLanguage\":\"en-US\",\"potentialAction\":[{\"@type\":\"ReadAction\",\"target\":[\"https:\/\/caisial.unina.it\/en\/privacy-policy\/\"]}]},{\"@type\":\"BreadcrumbList\",\"@id\":\"https:\/\/caisial.unina.it\/en\/privacy-policy\/#breadcrumb\",\"itemListElement\":[{\"@type\":\"ListItem\",\"position\":1,\"name\":\"Home\",\"item\":\"https:\/\/caisial.unina.it\/en\/home\/\"},{\"@type\":\"ListItem\",\"position\":2,\"name\":\"Privacy Policy\"}]},{\"@type\":\"WebSite\",\"@id\":\"https:\/\/caisial.unina.it\/en\/#website\",\"url\":\"https:\/\/caisial.unina.it\/en\/\",\"name\":\"Caisial - Innovazione in campo alimentare\",\"description\":\"\",\"publisher\":{\"@id\":\"https:\/\/caisial.unina.it\/en\/#organization\"},\"potentialAction\":[{\"@type\":\"SearchAction\",\"target\":{\"@type\":\"EntryPoint\",\"urlTemplate\":\"https:\/\/caisial.unina.it\/en\/?s={search_term_string}\"},\"query-input\":\"required name=search_term_string\"}],\"inLanguage\":\"en-US\"},{\"@type\":\"Organization\",\"@id\":\"https:\/\/caisial.unina.it\/en\/#organization\",\"name\":\"Caisial - Innovazione in campo alimentare\",\"url\":\"https:\/\/caisial.unina.it\/en\/\",\"logo\":{\"@type\":\"ImageObject\",\"inLanguage\":\"en-US\",\"@id\":\"https:\/\/caisial.unina.it\/en\/#\/schema\/logo\/image\/\",\"url\":\"https:\/\/caisial.unina.it\/wp-content\/uploads\/2023\/12\/fb.png\",\"contentUrl\":\"https:\/\/caisial.unina.it\/wp-content\/uploads\/2023\/12\/fb.png\",\"width\":300,\"height\":300,\"caption\":\"Caisial - Innovazione in campo alimentare\"},\"image\":{\"@id\":\"https:\/\/caisial.unina.it\/en\/#\/schema\/logo\/image\/\"}}]}<\/script>\n<!-- \/ Yoast SEO plugin. -->","yoast_head_json":{"title":"Privacy Policy - Caisial - Innovazione in campo alimentare","robots":{"index":"index","follow":"follow","max-snippet":"max-snippet:-1","max-image-preview":"max-image-preview:large","max-video-preview":"max-video-preview:-1"},"canonical":"https:\/\/caisial.unina.it\/en\/privacy-policy\/","og_locale":"en_US","og_type":"article","og_title":"Privacy Policy - Caisial - Innovazione in campo alimentare","og_description":"Privacy Policy PRIVACY POLICY Informativa sul trattamento dei dati personali In questa pagina si descrivono le modalit\u00e0 di gestione del sito in riferimento al trattamento dei dati personali degli utenti che lo consultano. Questa informativa e&#8217; resa anche ai sensi dell&#8217;art. 13 del d.lgs. n. 196\/2003 &#8211; Codice in materia di protezione dei dati personali ... Read more","og_url":"https:\/\/caisial.unina.it\/en\/privacy-policy\/","og_site_name":"Caisial - Innovazione in campo alimentare","article_modified_time":"2023-12-19T12:02:37+00:00","og_image":[{"width":300,"height":300,"url":"https:\/\/caisial.unina.it\/wp-content\/uploads\/2023\/12\/fb.png","type":"image\/png"}],"twitter_card":"summary_large_image","twitter_misc":{"Est. reading time":"4 minutes"},"schema":{"@context":"https:\/\/schema.org","@graph":[{"@type":"WebPage","@id":"https:\/\/caisial.unina.it\/en\/privacy-policy\/","url":"https:\/\/caisial.unina.it\/en\/privacy-policy\/","name":"Privacy Policy - Caisial - Innovazione in campo alimentare","isPartOf":{"@id":"https:\/\/caisial.unina.it\/en\/#website"},"datePublished":"2023-10-12T07:37:18+00:00","dateModified":"2023-12-19T12:02:37+00:00","breadcrumb":{"@id":"https:\/\/caisial.unina.it\/en\/privacy-policy\/#breadcrumb"},"inLanguage":"en-US","potentialAction":[{"@type":"ReadAction","target":["https:\/\/caisial.unina.it\/en\/privacy-policy\/"]}]},{"@type":"BreadcrumbList","@id":"https:\/\/caisial.unina.it\/en\/privacy-policy\/#breadcrumb","itemListElement":[{"@type":"ListItem","position":1,"name":"Home","item":"https:\/\/caisial.unina.it\/en\/home\/"},{"@type":"ListItem","position":2,"name":"Privacy Policy"}]},{"@type":"WebSite","@id":"https:\/\/caisial.unina.it\/en\/#website","url":"https:\/\/caisial.unina.it\/en\/","name":"Caisial - Innovazione in campo alimentare","description":"","publisher":{"@id":"https:\/\/caisial.unina.it\/en\/#organization"},"potentialAction":[{"@type":"SearchAction","target":{"@type":"EntryPoint","urlTemplate":"https:\/\/caisial.unina.it\/en\/?s={search_term_string}"},"query-input":"required name=search_term_string"}],"inLanguage":"en-US"},{"@type":"Organization","@id":"https:\/\/caisial.unina.it\/en\/#organization","name":"Caisial - Innovazione in campo alimentare","url":"https:\/\/caisial.unina.it\/en\/","logo":{"@type":"ImageObject","inLanguage":"en-US","@id":"https:\/\/caisial.unina.it\/en\/#\/schema\/logo\/image\/","url":"https:\/\/caisial.unina.it\/wp-content\/uploads\/2023\/12\/fb.png","contentUrl":"https:\/\/caisial.unina.it\/wp-content\/uploads\/2023\/12\/fb.png","width":300,"height":300,"caption":"Caisial - Innovazione in campo alimentare"},"image":{"@id":"https:\/\/caisial.unina.it\/en\/#\/schema\/logo\/image\/"}}]}},"_links":{"self":[{"href":"https:\/\/caisial.unina.it\/en\/wp-json\/wp\/v2\/pages\/23169"}],"collection":[{"href":"https:\/\/caisial.unina.it\/en\/wp-json\/wp\/v2\/pages"}],"about":[{"href":"https:\/\/caisial.unina.it\/en\/wp-json\/wp\/v2\/types\/page"}],"author":[{"embeddable":true,"href":"https:\/\/caisial.unina.it\/en\/wp-json\/wp\/v2\/users\/1"}],"replies":[{"embeddable":true,"href":"https:\/\/caisial.unina.it\/en\/wp-json\/wp\/v2\/comments?post=23169"}],"version-history":[{"count":1,"href":"https:\/\/caisial.unina.it\/en\/wp-json\/wp\/v2\/pages\/23169\/revisions"}],"predecessor-version":[{"id":23170,"href":"https:\/\/caisial.unina.it\/en\/wp-json\/wp\/v2\/pages\/23169\/revisions\/23170"}],"wp:attachment":[{"href":"https:\/\/caisial.unina.it\/en\/wp-json\/wp\/v2\/media?parent=23169"}],"curies":[{"name":"wp","href":"https:\/\/api.w.org\/{rel}","templated":true}]}}